{"id":17397,"date":"2019-07-17T14:29:19","date_gmt":"2019-07-17T14:29:19","guid":{"rendered":"https:\/\/www.grupo44publicidad.com\/sitio\/?page_id=17397"},"modified":"2019-07-17T14:45:25","modified_gmt":"2019-07-17T14:45:25","slug":"politica-de-tratamiento-de-datos","status":"publish","type":"page","link":"https:\/\/www.grupo44publicidad.com\/sitio\/politica-de-tratamiento-de-datos\/","title":{"rendered":"Pol\u00edtica de Tratamiento de Datos"},"content":{"rendered":"<p>[vc_row][vc_column]<h3 class=\"eltdf-custom-font-holder\"  >\n\tAUTORIZACI\u00d3N PARA EL TRATAMIENTO DE DATOS PERSONALES<\/h3>[vc_column_text]<span style=\"color: #333333;\">Grupo 44 Estudio Digital ser\u00e1 el Responsable del tratamiento y, en tal virtud, podr\u00e1 recolectar, almacenar,usar \u00a0la informaci\u00f3n suministrada por el Titular, mayor de edad,<i>\u00a0<\/i>para las siguientes finalidades:<\/span><\/p>\n<ul>\n<li><span style=\"color: #333333;\">Ofrecer nuevos productos y servicios.<\/span><\/li>\n<li><span style=\"color: #333333;\">Gestionar tr\u00e1mites (solicitudes, quejas, reclamos, PQR).<\/span><\/li>\n<li><span style=\"color: #333333;\">Contactar al Titular a trav\u00e9s de medios telef\u00f3nicos para realizar encuestas,estudios y\/o confirmaci\u00f3n de datos personales necesarios para la ejecuci\u00f3n de una relaci\u00f3n contractual.<\/span><\/li>\n<li><span style=\"color: #333333;\">Contactar al Titular a trav\u00e9s de medios electr\u00f3nicos \u2013 correo electr\u00f3nico, SMS o chat para el env\u00edo art\u00edculos de nuestro blog, noticias relacionadas con campa\u00f1as de fidelizaci\u00f3n o mejora de servicio.<\/span><\/li>\n<li><span style=\"color: #333333;\">Contactar al Titular a trav\u00e9s de correo electr\u00f3nico para el env\u00edo de estados de cuenta o facturas en relaci\u00f3n con las obligaciones derivadas del contrato celebrado entre las partes.<\/span><\/li>\n<\/ul>\n<p><span style=\"color: #333333;\">DERECHOS DEL TITULAR<\/span><\/p>\n<p><span style=\"color: #333333;\"><em>Sus derechos como titular del dato son los previstos en la Constituci\u00f3n Pol\u00edtica de la Rep\u00fablica de Colombia y en la Ley 1581 de 2012, especialmente los siguientes:<\/em><\/span><\/p>\n<p><span style=\"color: #333333;\">a) Acceder en forma gratuita a los datos proporcionados que hayan sido objeto de tratamiento.<\/span><\/p>\n<p><span style=\"color: #333333;\">b) Solicitar la actualizaci\u00f3n y rectificaci\u00f3n de su informaci\u00f3n frente a datos parciales, inexactos, incompletos, fraccionados, que induzcan a error, o a aquellos cuyo tratamiento est\u00e9 prohibido o no haya sido autorizado.<\/span><\/p>\n<p><span style=\"color: #333333;\">c) Solicitar prueba de la autorizaci\u00f3n otorgada.<\/span><\/p>\n<p><span style=\"color: #333333;\">d) Presentar ante la Superintendencia de Industria y Comercio (SIC) quejas por infracciones a lo dispuesto en la normatividad vigente.<\/span><\/p>\n<p><span style=\"color: #333333;\">e) Revocar la autorizaci\u00f3n y\/o solicitar la supresi\u00f3n del dato, a menos que exista un deber legal o contractual que haga imperativo conservar la informaci\u00f3n.<\/span><\/p>\n<p><span style=\"color: #333333;\">f) Abstenerse de responder las preguntas sobre datos sensibles o sobre datos de las ni\u00f1as y ni\u00f1os y adolescentes.<\/span><\/p>\n<p><span style=\"color: #333333;\">Estos derechos los podr\u00e9 ejercer a trav\u00e9s de los canales o medios dispuestos por Grupo 44 Estudio Digital <em>\u00a0<\/em>para la atenci\u00f3n al p\u00fablico, la l\u00ednea de atenci\u00f3n nacional 3054344567,y el correo electr\u00f3nico info@grupo44publicidad.com, para la atenci\u00f3n de requerimientos relacionados con el tratamiento de mis datos personales y el ejercicio de los derechos mencionados en esta autorizaci\u00f3n.<\/span><\/p>\n<p><span style=\"color: #333333;\">Por todo lo anterior, he otorgado mi consentimiento a Grupo 44 Estudio Digital para que trate mi informaci\u00f3n personal de acuerdo con la Pol\u00edtica de Tratamiento de Datos Personales dispuesta por la sociedad en <a style=\"color: #333333;\" href=\"https:\/\/www.grupo44publicidad.com\/sitio\/politica-de-tratamiento-de-datos\/\">https:\/\/www.grupo44publicidad.com\/sitio\/politica-de-tratamiento-de-datos\/<\/a>\u00a0y que me dio a conocer antes de recolectar mis datos personales.<\/span><\/p>\n<p><span style=\"color: #333333;\">Manifiesto que la presente autorizaci\u00f3n me fue solicitada y puesta de presente antes de entregar mis datos y que la suscribo y acepto de forma libre y voluntaria una vez le\u00edda en su totalidad.<\/span><\/p>\n<p><span style=\"color: #333333;\"><em>\u00a0<\/em><\/span>[\/vc_column_text]<h3 class=\"eltdf-custom-font-holder\"  >\n\tPOL\u00cdTICA DE TRATAMIENTO DE DATOS PERSONALES<\/h3>[vc_column_text]<span style=\"color: #333333;\">OBJETIVO:<\/span><\/p>\n<p><span style=\"color: #333333;\">Establecer los criterios para la recolecci\u00f3n, almacenamiento, uso, circulaci\u00f3n y supresi\u00f3n\u00a0<\/span><span style=\"color: #333333;\">de los datos personales tratados por Grupo 44 Estudio Digital.<\/span><\/p>\n<p><span style=\"color: #333333;\"><em>\u00a0<\/em><\/span><\/p>\n<p><span style=\"color: #333333;\">ALCANCE:<\/span><\/p>\n<p><span style=\"color: #333333;\">Esta pol\u00edtica aplica para toda la informaci\u00f3n personal registrada en las bases de datos de Grupo 44 Estudio Digital ,quien act\u00faa en calidad de responsable del tratamiento de los datos personales.<\/span><\/p>\n<p>&nbsp;<\/p>\n<p><span style=\"color: #333333;\">OBLIGACIONES:<\/span><\/p>\n<p><span style=\"color: #333333;\">Esta pol\u00edtica es de obligatorio y estricto cumplimiento para Grupo 44 Estudio Digital.<\/span><\/p>\n<p>&nbsp;<\/p>\n<p><span style=\"color: #333333;\">RESPONSABLE DEL TRATAMIENTO:<\/span><\/p>\n<p><span style=\"color: #333333;\">Grupo 44 Estudio Digital, establecimiento comercial legalmente constituido, identificada con el NIT 98667499-0, con domicilio principal en la ciudad de Medell\u00edn, Rep\u00fablica de Colombia. P\u00e1gina <a style=\"color: #333333;\" href=\"http:\/\/www.grupo44publicidad.com\">www.grupo44publicidad.com<\/a>. Tel\u00e9fono 305 4344567 en la ciudad de Medell\u00edn.<\/span><\/p>\n<p>&nbsp;<\/p>\n<p><span style=\"color: #333333;\">TRATAMIENTO Y FINALIDAD:<\/span><\/p>\n<p><span style=\"color: #333333;\">El tratamiento que realizar\u00e1 Grupo 44 Estudio Digital con la informaci\u00f3n personal ser\u00e1 la recolecci\u00f3n, almacenamiento, uso, y circulaci\u00f3n de la informaci\u00f3n suministrada por el Titular tiene la finalidad de:<\/span><\/p>\n<ul>\n<li><span style=\"color: #333333;\">Ofrecer nuevos productos y servicios.<\/span><\/li>\n<li><span style=\"color: #333333;\">Gestionar tr\u00e1mites (solicitudes, quejas, reclamos, PQR).<\/span><\/li>\n<li><span style=\"color: #333333;\">Contactar al Titular a trav\u00e9s de medios telef\u00f3nicos para realizar encuestas,estudios y\/o confirmaci\u00f3n de datos personales necesarios para la ejecuci\u00f3n de una relaci\u00f3n contractual.<\/span><\/li>\n<li><span style=\"color: #333333;\">Contactar al Titular a trav\u00e9s de medios electr\u00f3nicos \u2013 correo electr\u00f3nico, SMS o chat para el env\u00edo art\u00edculos de nuestro blog, noticias relacionadas con campa\u00f1as de fidelizaci\u00f3n o mejora de servicio.<\/span><\/li>\n<li><span style=\"color: #333333;\">Contactar al Titular a trav\u00e9s de correo electr\u00f3nico para el env\u00edo de estados de cuenta o facturas en relaci\u00f3n con las obligaciones derivadas del contrato celebrado entre las partes.<\/span><\/li>\n<\/ul>\n<p><span style=\"color: #333333;\"><em>\u00a0<\/em><\/span><\/p>\n<p><span style=\"color: #333333;\">DERECHOS DE LOS TITULARES:<\/span><\/p>\n<p><span style=\"color: #333333;\">Como titular de sus datos personales Usted tiene derecho a:<\/span><\/p>\n<p><span style=\"color: #333333;\">(i) Acceder de forma gratuita a los datos proporcionados que hayan sido objeto de tratamiento.<\/span><\/p>\n<p><span style=\"color: #333333;\">(ii) Conocer, actualizar y rectificar su informaci\u00f3n frente a datos parciales, inexactos, \u00a0incompletos, fraccionados, que induzcan a error, o aquellos cuyo tratamiento est\u00e9 prohibido o no haya sido autorizado.<\/span><\/p>\n<p><span style=\"color: #333333;\">(iii) Solicitar prueba de la autorizaci\u00f3n otorgada.<\/span><\/p>\n<p><span style=\"color: #333333;\">(iv) Presentar ante la Superintendencia de Industria y Comercio (SIC) quejas por infracciones a lo dispuesto en la normatividad vigente.<\/span><\/p>\n<p><span style=\"color: #333333;\">(v) Revocar la autorizaci\u00f3n y\/o solicitar la supresi\u00f3n del dato, siempre que no exista un deber legal o contractual que impida eliminarlos.<\/span><\/p>\n<p><span style=\"color: #333333;\">(vi) Abstenerse de responder las preguntas sobre datos sensibles.<\/span><\/p>\n<p>&nbsp;<\/p>\n<p>&nbsp;<\/p>\n<p><span style=\"color: #333333;\">ATENCI\u00d3N DE PETICIONES, CONSULTAS Y RECLAMOS<\/span><\/p>\n<p><span style=\"color: #333333;\">El \u00e1rea de servicio al cliente es la dependencia que tiene a cargo dar tr\u00e1mite a las solicitudes de los titulares para hacer efectivos sus derechos, la cual puede contactar en la l\u00ednea de atenci\u00f3n\u00a0 3054344567,y el correo electr\u00f3nico info@grupo44publicidad.com.<\/span><\/p>\n<p>&nbsp;<\/p>\n<p><span style=\"color: #333333;\">PROCEDIMIENTO PARA EL EJERCICIO DEL DERECHO DE HABEAS DATA<\/span><\/p>\n<p><span style=\"color: #333333;\">En cumplimiento de las normas sobre protecci\u00f3n de datos personales, Grupo 44 Estudio Digital presenta el procedimiento y requisitos m\u00ednimos para el ejercicio de sus derechos:<\/span><\/p>\n<p><span style=\"color: #333333;\">Para la radicaci\u00f3n y atenci\u00f3n de su solicitud le solicitamos suministrar la siguiente informaci\u00f3n:<\/span><\/p>\n<p><span style=\"color: #333333;\">Nombre completo y apellidos.<\/span><\/p>\n<p><span style=\"color: #333333;\">Datos de contacto (Direcci\u00f3n f\u00edsica y\/o electr\u00f3nica y tel\u00e9fonos de contacto).<\/span><\/p>\n<p><span style=\"color: #333333;\">Medios para recibir respuesta a su solicitud.<\/span><\/p>\n<p><span style=\"color: #333333;\">Motivo(s)\/hecho(s) que dan lugar al reclamo con una breve descripci\u00f3n del derecho que desea ejercer (conocer, actualizar, rectificar, solicitar prueba de la autorizaci\u00f3n otorgada, revocarla, suprimir, acceder a la informaci\u00f3n).<\/span><\/p>\n<p><span style=\"color: #333333;\">Firma (si aplica) y n\u00famero de identificaci\u00f3n.<\/span><\/p>\n<p><span style=\"color: #333333;\">El t\u00e9rmino m\u00e1ximo previsto por la ley para resolver su reclamaci\u00f3n es de quince (15) d\u00edas h\u00e1biles, contado a partir del d\u00eda siguiente a la fecha de su recibo. Cuando no fuere posible atender el reclamo dentro de dicho t\u00e9rmino, Grupo 44 Estudio Digital <em>\u00a0<\/em>informar\u00e1 al interesado los motivos de la demora y la fecha en que se atender\u00e1 su reclamo, la cual en ning\u00fan caso podr\u00e1 superar los ocho (8) d\u00edas h\u00e1biles siguientes al vencimiento del primer t\u00e9rmino.<\/span><\/p>\n<p><span style=\"color: #333333;\">Una vez cumplidos los t\u00e9rminos se\u00f1alados por la Ley 1581 de 2012 y las dem\u00e1s normas que la reglamenten o complementen, el Titular al que se deniegue, total o parcialmente, el ejercicio de los derechos de acceso, actualizaci\u00f3n, rectificaci\u00f3n, supresi\u00f3n y revocaci\u00f3n, podr\u00e1 poner su caso en conocimiento de la Superintendencia de Industria y Comercio \u2013Delegatura para la \u00a0Protecci\u00f3n de Datos Personales.<\/span><\/p>\n<p>&nbsp;<\/p>\n<p><span style=\"color: #333333;\">VIGENCIA:<\/span><\/p>\n<p><span style=\"color: #333333;\">La presente Pol\u00edtica para el Tratamiento de Datos Personales rige a partir del 7 de enero de 2019.<\/span><\/p>\n<p><span style=\"color: #333333;\">Los datos personales proporcionados se conservaran mientras no se solicite su supresi\u00f3n por el interesado y siempre que no exista un deber legal de conservarlos.<\/span>[\/vc_column_text]<h3 class=\"eltdf-custom-font-holder\"  >\n\tAVISO DE PRIVACIDAD<\/h3>[vc_column_text]<span style=\"color: #333333;\">El presente Aviso de Privacidad (en adelante el \u201cAviso\u201d) establece los t\u00e9rminos y condiciones en virtud de los cuales Grupo 44 Estudio Digital<em>, <\/em>identificado con NIT 98667499-0 y con domicilio en la ciudad de Medell\u00edn, realizar\u00e1 el tratamiento de sus datos personales.<\/span><\/p>\n<p>&nbsp;<\/p>\n<ol>\n<li><span style=\"color: #333333;\">TRATAMIENTO Y FINALIDAD:<\/span><\/li>\n<\/ol>\n<p><span style=\"color: #333333;\">El tratamiento que realizar\u00e1 Grupo 44 Estudio Digital con la informaci\u00f3n personal ser\u00e1 la recolecci\u00f3n, almacenamiento, uso, y circulaci\u00f3n de la informaci\u00f3n suministrada por el Titular tiene la finalidad de:<\/span><\/p>\n<ul>\n<li><span style=\"color: #333333;\">Ofrecer nuevos productos y servicios.<\/span><\/li>\n<li><span style=\"color: #333333;\">Gestionar tr\u00e1mites (solicitudes, quejas, reclamos, PQR).<\/span><\/li>\n<li><span style=\"color: #333333;\">Contactar al Titular a trav\u00e9s de medios telef\u00f3nicos para realizar encuestas,estudios y\/o confirmaci\u00f3n de datos personales necesarios para la ejecuci\u00f3n de una relaci\u00f3n contractual.<\/span><\/li>\n<li><span style=\"color: #333333;\">Contactar al Titular a trav\u00e9s de medios electr\u00f3nicos \u2013 correo electr\u00f3nico, SMS o chat para el env\u00edo art\u00edculos de nuestro blog, noticias relacionadas con campa\u00f1as de fidelizaci\u00f3n o mejora de servicio.<\/span><\/li>\n<li><span style=\"color: #333333;\">Contactar al Titular a trav\u00e9s de correo electr\u00f3nico para el env\u00edo de estados de cuenta o facturas en relaci\u00f3n con las obligaciones derivadas del contrato celebrado entre las partes.<\/span><\/li>\n<\/ul>\n<p><span style=\"color: #333333;\"><em>\u00a0<\/em><\/span><\/p>\n<ol start=\"2\">\n<li><span style=\"color: #333333;\">DERECHOS DEL TITULAR:<\/span><\/li>\n<\/ol>\n<p><span style=\"color: #333333;\">Como titular de sus datos personales Usted tiene derecho a:<\/span><\/p>\n<p><span style=\"color: #333333;\">(i) Acceder en forma gratuita a los datos proporcionados que hayan sido objeto de tratamiento.<\/span><\/p>\n<p><span style=\"color: #333333;\">(ii) Conocer, actualizar y rectificar su informaci\u00f3n frente a datos parciales, inexactos, incompletos, fraccionados, que induzcan a error, o a aquellos cuyo tratamiento est\u00e9 prohibido o no haya sido autorizado.<\/span><\/p>\n<p><span style=\"color: #333333;\">(iii) Solicitar prueba de la autorizaci\u00f3n otorgada.<\/span><\/p>\n<p><span style=\"color: #333333;\">(iv) Presentar ante la Superintendencia de Industria y Comercio (SIC) quejas por infracciones a lo dispuesto en la normatividad vigente.<\/span><\/p>\n<p><span style=\"color: #333333;\">(v) Revocar la autorizaci\u00f3n y\/o solicitar la supresi\u00f3n del dato, siempre que no exista un deber legal o contractual que impida eliminarlos.<\/span><\/p>\n<p><span style=\"color: #333333;\">(vi) Abstenerse de responder las preguntas sobre datos sensibles.<\/span><\/p>\n<p>&nbsp;<\/p>\n<ol start=\"3\">\n<li><span style=\"color: #333333;\">MECANISMOS PARA CONOCER LA POL\u00cdTICA DE TRATAMIENTO<\/span><\/li>\n<\/ol>\n<p><span style=\"color: #333333;\">El Titular puede acceder a nuestra Pol\u00edtica de Tratamiento de informaci\u00f3n, la cual se encuentra publicada en <a style=\"color: #333333;\" href=\"https:\/\/www.grupo44publicidad.com\/sitio\/politica-de-tratamiento-de-datos\/\">https:\/\/www.grupo44publicidad.com\/sitio\/<strong>politica-de-tratamiento-de-datos<\/strong>\/<\/a>.<\/span>[\/vc_column_text][\/vc_column][\/vc_row]<\/p>\n","protected":false},"excerpt":{"rendered":"<p>[vc_row][vc_column][vc_column_text]Grupo 44 Estudio Digital ser\u00e1 el Responsable del tratamiento y, en tal virtud, podr\u00e1 recolectar, almacenar,usar \u00a0la informaci\u00f3n suministrada por el Titular, mayor de edad,\u00a0para las siguientes finalidades: Ofrecer nuevos productos y servicios. Gestionar tr\u00e1mites (solicitudes, quejas, reclamos, PQR). Contactar al Titular a trav\u00e9s de medios telef\u00f3nicos para realizar encuestas,estudios y\/o confirmaci\u00f3n de datos personales necesarios para la ejecuci\u00f3n de una relaci\u00f3n contractual. Contactar al Titular a trav\u00e9s de medios electr\u00f3nicos \u2013 correo electr\u00f3nico, SMS o chat para el env\u00edo art\u00edculos de nuestro blog, noticias relacionadas con campa\u00f1as de fidelizaci\u00f3n o mejora de servicio. Contactar al Titular a trav\u00e9s de correo electr\u00f3nico para [&hellip;]<\/p>\n","protected":false},"author":1,"featured_media":0,"parent":0,"menu_order":0,"comment_status":"closed","ping_status":"closed","template":"","meta":{"_exactmetrics_skip_tracking":false,"_exactmetrics_sitenote_active":false,"_exactmetrics_sitenote_note":"","_exactmetrics_sitenote_category":0,"footnotes":""},"yst_prominent_words":[597,591,593,589,615,595,598,612,596,590,588,614,619,617,616,618,620,594,592,613],"_links":{"self":[{"href":"https:\/\/www.grupo44publicidad.com\/sitio\/wp-json\/wp\/v2\/pages\/17397"}],"collection":[{"href":"https:\/\/www.grupo44publicidad.com\/sitio\/wp-json\/wp\/v2\/pages"}],"about":[{"href":"https:\/\/www.grupo44publicidad.com\/sitio\/wp-json\/wp\/v2\/types\/page"}],"author":[{"embeddable":true,"href":"https:\/\/www.grupo44publicidad.com\/sitio\/wp-json\/wp\/v2\/users\/1"}],"replies":[{"embeddable":true,"href":"https:\/\/www.grupo44publicidad.com\/sitio\/wp-json\/wp\/v2\/comments?post=17397"}],"version-history":[{"count":7,"href":"https:\/\/www.grupo44publicidad.com\/sitio\/wp-json\/wp\/v2\/pages\/17397\/revisions"}],"predecessor-version":[{"id":17404,"href":"https:\/\/www.grupo44publicidad.com\/sitio\/wp-json\/wp\/v2\/pages\/17397\/revisions\/17404"}],"wp:attachment":[{"href":"https:\/\/www.grupo44publicidad.com\/sitio\/wp-json\/wp\/v2\/media?parent=17397"}],"wp:term":[{"taxonomy":"yst_prominent_words","embeddable":true,"href":"https:\/\/www.grupo44publicidad.com\/sitio\/wp-json\/wp\/v2\/yst_prominent_words?post=17397"}],"curies":[{"name":"wp","href":"https:\/\/api.w.org\/{rel}","templated":true}]}}