{"id":477,"date":"2019-01-11T02:27:12","date_gmt":"2019-01-11T02:27:12","guid":{"rendered":"https:\/\/www.grupo44publicidad.com\/sitio\/?page_id=477"},"modified":"2019-07-09T02:33:06","modified_gmt":"2019-07-09T02:33:06","slug":"nosotros","status":"publish","type":"page","link":"https:\/\/www.grupo44publicidad.com\/sitio\/nosotros\/","title":{"rendered":"Nosotros"},"content":{"rendered":"<p>[vc_row row_type=\u00bbrow\u00bb use_row_as_full_screen_section=\u00bbno\u00bb type=\u00bbfull_width\u00bb angled_section=\u00bbno\u00bb text_align=\u00bbleft\u00bb background_image_as_pattern=\u00bbwithout_pattern\u00bb padding_top=\u00bb60&#8243; padding_bottom=\u00bb100&#8243;][vc_column]<div class=\"eltdf-section-title-holder\" >\n\t\n\t\t\t<h3 class=\"eltdf-st-title\" >\n\t\t\t<span>Te contamos sobre nosotros<\/span>\n\t\t<\/h3>\n\t\t<span class=\"eltdf-title-separator eltdf-enable-separator\" ><\/span>\n\t<\/div>[vc_row_inner][vc_column_inner width=\u00bb1\/2&#8243;][vc_column_text]<span style=\"color: #000000;\">Desde 2004 empezamos con este sue\u00f1o de emprender como un proyecto universitario, porque sentimos pasi\u00f3n por el dise\u00f1o y la creatividad aplicada a los medios digitales, y c\u00f3mo a trav\u00e9s de los contenidos digitales hacemos que nuestros clientes brinden mejores experiencias a los usuarios aumentando su productividad y sus ventas.<\/span><\/p>\n<p><span style=\"color: #000000;\">Somos una empresa paisa especializada en producci\u00f3n de desarrollos digitales que impulsen a las compa\u00f1\u00edas tanto a nivel interno y externo.\u00a0 <\/span><\/p>\n<p><span style=\"color: #000000;\">Nos caracterizamos por la creatividad, recursividad, flexibilidad, innovaci\u00f3n, responsabilidad y cumplimiento en nuestro trabajo.<\/span><\/p>\n<p><span style=\"color: #000000;\">Estamos radicados en la ciudad de Medell\u00edn, Colombia, y hacemos parte de las Industrias Creativas, la llamada Econom\u00eda Naranja.<\/span>[\/vc_column_text][\/vc_column_inner][vc_column_inner width=\u00bb1\/2&#8243;][vc_single_image image=\u00bb671&#8243; img_size=\u00bb600&#215;581&#8243; alignment=\u00bbcenter\u00bb qode_css_animation=\u00bb\u00bb][\/vc_column_inner][\/vc_row_inner][vc_empty_space height=\u00bb100px\u00bb][\/vc_column][\/vc_row]<\/p>\n","protected":false},"excerpt":{"rendered":"<p>[vc_row row_type=\u00bbrow\u00bb use_row_as_full_screen_section=\u00bbno\u00bb type=\u00bbfull_width\u00bb angled_section=\u00bbno\u00bb text_align=\u00bbleft\u00bb background_image_as_pattern=\u00bbwithout_pattern\u00bb padding_top=\u00bb60&#8243; padding_bottom=\u00bb100&#8243;][vc_column][vc_row_inner][vc_column_inner width=\u00bb1\/2&#8243;][vc_column_text]Desde 2004 empezamos con este sue\u00f1o de emprender como un proyecto universitario, porque sentimos pasi\u00f3n por el dise\u00f1o y la creatividad aplicada a los medios digitales, y c\u00f3mo a trav\u00e9s de los contenidos digitales hacemos que nuestros clientes brinden mejores experiencias a los usuarios aumentando su productividad y sus ventas. Somos una empresa paisa especializada en producci\u00f3n de desarrollos digitales que impulsen a las compa\u00f1\u00edas tanto a nivel interno y externo.\u00a0 Nos caracterizamos por la creatividad, recursividad, flexibilidad, innovaci\u00f3n, responsabilidad y cumplimiento en nuestro trabajo. Estamos radicados en la ciudad de Medell\u00edn, Colombia, y [&hellip;]<\/p>\n","protected":false},"author":1,"featured_media":0,"parent":0,"menu_order":0,"comment_status":"closed","ping_status":"closed","template":"","meta":{"_exactmetrics_skip_tracking":false,"_exactmetrics_sitenote_active":false,"_exactmetrics_sitenote_note":"","_exactmetrics_sitenote_category":0,"footnotes":""},"yst_prominent_words":[520,519],"_links":{"self":[{"href":"https:\/\/www.grupo44publicidad.com\/sitio\/wp-json\/wp\/v2\/pages\/477"}],"collection":[{"href":"https:\/\/www.grupo44publicidad.com\/sitio\/wp-json\/wp\/v2\/pages"}],"about":[{"href":"https:\/\/www.grupo44publicidad.com\/sitio\/wp-json\/wp\/v2\/types\/page"}],"author":[{"embeddable":true,"href":"https:\/\/www.grupo44publicidad.com\/sitio\/wp-json\/wp\/v2\/users\/1"}],"replies":[{"embeddable":true,"href":"https:\/\/www.grupo44publicidad.com\/sitio\/wp-json\/wp\/v2\/comments?post=477"}],"version-history":[{"count":21,"href":"https:\/\/www.grupo44publicidad.com\/sitio\/wp-json\/wp\/v2\/pages\/477\/revisions"}],"predecessor-version":[{"id":17348,"href":"https:\/\/www.grupo44publicidad.com\/sitio\/wp-json\/wp\/v2\/pages\/477\/revisions\/17348"}],"wp:attachment":[{"href":"https:\/\/www.grupo44publicidad.com\/sitio\/wp-json\/wp\/v2\/media?parent=477"}],"wp:term":[{"taxonomy":"yst_prominent_words","embeddable":true,"href":"https:\/\/www.grupo44publicidad.com\/sitio\/wp-json\/wp\/v2\/yst_prominent_words?post=477"}],"curies":[{"name":"wp","href":"https:\/\/api.w.org\/{rel}","templated":true}]}}